{"id":1339,"date":"2025-06-06T12:18:24","date_gmt":"2025-06-06T12:18:24","guid":{"rendered":"https:\/\/www.swisscolor.hr\/?page_id=1339"},"modified":"2025-06-06T12:30:56","modified_gmt":"2025-06-06T12:30:56","slug":"odrzivost","status":"publish","type":"page","link":"https:\/\/www.swisscolor.hr\/en\/odrzivost\/","title":{"rendered":"Sustainability"},"content":{"rendered":"<div data-elementor-type=\"wp-page\" data-elementor-id=\"1339\" data-post-id=\"1339\" data-obj-id=\"1339\" class=\"elementor elementor-1339 dce-elementor-post-1339\" data-elementor-post-type=\"page\">\n\t\t\t\t\t\t<section class=\"has_ae_slider elementor-section elementor-top-section elementor-element elementor-element-5e13736 elementor-section-height-min-height elementor-section-items-stretch elementor-section-boxed elementor-section-height-default ae-bg-gallery-type-default\" data-id=\"5e13736\" data-element_type=\"section\" data-settings=\"{&quot;background_background&quot;:&quot;classic&quot;}\">\n\t\t\t\t\t\t\t<div class=\"elementor-background-overlay\"><\/div>\n\t\t\t\t\t\t\t<div class=\"elementor-container elementor-column-gap-default\">\n\t\t\t\t\t<div class=\"has_ae_slider elementor-column elementor-col-50 elementor-top-column elementor-element elementor-element-a75f6b5 ae-bg-gallery-type-default\" data-id=\"a75f6b5\" data-element_type=\"column\">\n\t\t\t<div class=\"elementor-widget-wrap elementor-element-populated\">\n\t\t\t\t\t\t<div class=\"elementor-element elementor-element-d8b67c4 elementor-align-left elementor-widget elementor-widget-breadcrumbs\" data-id=\"d8b67c4\" data-element_type=\"widget\" data-widget_type=\"breadcrumbs.default\">\n\t\t\t\t<div class=\"elementor-widget-container\">\n\t\t\t\t\t<p id=\"breadcrumbs\"><span><span><a href=\"https:\/\/www.swisscolor.hr\/en\/\">Home<\/a><\/span><\/span><\/p>\t\t\t\t<\/div>\n\t\t\t\t<\/div>\n\t\t\t\t<div class=\"elementor-element elementor-element-d7f1195 elementor-widget elementor-widget-heading\" data-id=\"d7f1195\" data-element_type=\"widget\" data-widget_type=\"heading.default\">\n\t\t\t\t<div class=\"elementor-widget-container\">\n\t\t\t\t\t<h1 class=\"elementor-heading-title elementor-size-default\">Sustainability<\/h1>\t\t\t\t<\/div>\n\t\t\t\t<\/div>\n\t\t\t\t\t<\/div>\n\t\t<\/div>\n\t\t\t\t<div class=\"has_ae_slider elementor-column elementor-col-50 elementor-top-column elementor-element elementor-element-d18509b ae-bg-gallery-type-default\" data-id=\"d18509b\" data-element_type=\"column\">\n\t\t\t<div class=\"elementor-widget-wrap elementor-element-populated\">\n\t\t\t\t\t\t<div class=\"elementor-element elementor-element-4b57109 elementor-widget elementor-widget-heading\" data-id=\"4b57109\" data-element_type=\"widget\" data-widget_type=\"heading.default\">\n\t\t\t\t<div class=\"elementor-widget-container\">\n\t\t\t\t\t<h5 class=\"elementor-heading-title elementor-size-default\">Sustainability is at the core of our business.<\/h5>\t\t\t\t<\/div>\n\t\t\t\t<\/div>\n\t\t\t\t\t<\/div>\n\t\t<\/div>\n\t\t\t\t\t<\/div>\n\t\t<\/section>\n\t\t\t\t<section class=\"has_ae_slider elementor-section elementor-top-section elementor-element elementor-element-cd23110 elementor-section-boxed elementor-section-height-default elementor-section-height-default ae-bg-gallery-type-default\" data-id=\"cd23110\" data-element_type=\"section\" data-settings=\"{&quot;background_background&quot;:&quot;classic&quot;}\">\n\t\t\t\t\t\t<div class=\"elementor-container elementor-column-gap-default\">\n\t\t\t\t\t<div class=\"has_ae_slider elementor-column elementor-col-100 elementor-top-column elementor-element elementor-element-7dfdb34 ae-bg-gallery-type-default\" data-id=\"7dfdb34\" data-element_type=\"column\">\n\t\t\t<div class=\"elementor-widget-wrap elementor-element-populated\">\n\t\t\t\t\t\t<div class=\"elementor-element elementor-element-4c3539bb elementor-widget elementor-widget-text-editor\" data-id=\"4c3539bb\" data-element_type=\"widget\" data-widget_type=\"text-editor.default\">\n\t\t\t\t<div class=\"elementor-widget-container\">\n\t\t\t\t\t\t\t\t\t<h2>We are dedicated to sustainability<\/h2><p class=\"translation-block\">We are committed to responsible resource management and reducing environmental impact, while ensuring the high quality of our products. All <b>our products are developed and manufactured in Croatia<\/b>, in our production facilities that operate in accordance with the highest standards of quality and environmental protection. Our commitment to sustainability has been confirmed by the implementation and certification of an integrated quality and environmental management system according to ISO 9001:2015, ISO 14001:2015, ISO 22716:2007 (GMPC) and HACCP systems.<\/p><h2>We optimized energy efficiency in all processes<\/h2><p class=\"translation-block\">We are proud of our latest step towards a more sustainable future \u2013 <b>certification according to ISO 50001:2018<\/b>, an international standard for energy management. This standard allows us to systematically optimize energy efficiency in all processes, reduce CO2 emissions and reduce energy costs. Through ISO 50001, we have further strengthened our commitment to the continuous improvement of energy performance, thereby contributing to environmental protection and promoting a positive image of our organization.<\/p><h2>We installed our own photovoltaic power plant<\/h2><p class=\"translation-block\">As we have successfully installed a photovoltaic power plant, we produce electricity and our <b>photovoltaic power plant<\/b> covers all our electricity needs with production, and we send the excess electricity produced to the distribution network.\nThis makes our production <b>CO2 neutral<\/b> because no fossil fuels are used in production, but only electricity, which we produce ourselves.<\/p><p class=\"translation-block\">Our sustainability strategy includes constant cooperation with partners, rapid adaptation to market needs and investment in environmentally friendly products and processes. Through these initiatives, Swisscolor not only meets regulatory requirements, but also sets an example in the industry for <b>responsible and sustainable business<\/b>.<\/p>\t\t\t\t\t\t\t\t<\/div>\n\t\t\t\t<\/div>\n\t\t\t\t\t<\/div>\n\t\t<\/div>\n\t\t\t\t\t<\/div>\n\t\t<\/section>\n\t\t\t\t<section class=\"has_ae_slider elementor-section elementor-top-section elementor-element elementor-element-49ef8ed elementor-section-full_width elementor-section-height-default elementor-section-height-default ae-bg-gallery-type-default\" data-id=\"49ef8ed\" data-element_type=\"section\">\n\t\t\t\t\t\t<div class=\"elementor-container elementor-column-gap-default\">\n\t\t\t\t\t<div class=\"has_ae_slider elementor-column elementor-col-100 elementor-top-column elementor-element elementor-element-f9194f0 ae-bg-gallery-type-default\" data-id=\"f9194f0\" data-element_type=\"column\">\n\t\t\t<div class=\"elementor-widget-wrap elementor-element-populated\">\n\t\t\t\t\t\t<section class=\"has_ae_slider elementor-section elementor-inner-section elementor-element elementor-element-b6f5b80 elementor-section-height-min-height elementor-section-boxed elementor-section-height-default ae-bg-gallery-type-default\" data-id=\"b6f5b80\" data-element_type=\"section\" data-settings=\"{&quot;background_background&quot;:&quot;classic&quot;}\">\n\t\t\t\t\t\t<div class=\"elementor-container elementor-column-gap-default\">\n\t\t\t\t\t<div class=\"has_ae_slider elementor-column elementor-col-50 elementor-inner-column elementor-element elementor-element-ae9fb1c ae-bg-gallery-type-default\" data-id=\"ae9fb1c\" data-element_type=\"column\">\n\t\t\t<div class=\"elementor-widget-wrap elementor-element-populated\">\n\t\t\t\t\t\t<div class=\"elementor-element elementor-element-a7d5477 elementor-widget elementor-widget-heading\" data-id=\"a7d5477\" data-element_type=\"widget\" data-widget_type=\"heading.default\">\n\t\t\t\t<div class=\"elementor-widget-container\">\n\t\t\t\t\t<h3 class=\"elementor-heading-title elementor-size-default translation-block\">All products in our portfolio are developed and <b>manufactured in Croatia<\/b> in our production facilities.<\/h3>\t\t\t\t<\/div>\n\t\t\t\t<\/div>\n\t\t\t\t\t<\/div>\n\t\t<\/div>\n\t\t\t\t<div class=\"has_ae_slider elementor-column elementor-col-50 elementor-inner-column elementor-element elementor-element-9c5bb52 ae-bg-gallery-type-default\" data-id=\"9c5bb52\" data-element_type=\"column\">\n\t\t\t<div class=\"elementor-widget-wrap elementor-element-populated\">\n\t\t\t\t\t\t<div class=\"elementor-element elementor-element-ce1331e elementor-widget elementor-widget-image\" data-id=\"ce1331e\" data-element_type=\"widget\" data-widget_type=\"image.default\">\n\t\t\t\t<div class=\"elementor-widget-container\">\n\t\t\t\t\t\t\t\t\t\t\t\t\t\t\t<img fetchpriority=\"high\" decoding=\"async\" width=\"800\" height=\"368\" src=\"https:\/\/www.swisscolor.hr\/wp-content\/uploads\/2021\/06\/higijena-plus-featured-image.png\" class=\"attachment-large size-large wp-image-405\" alt=\"\" srcset=\"https:\/\/www.swisscolor.hr\/wp-content\/uploads\/2021\/06\/higijena-plus-featured-image.png 974w, https:\/\/www.swisscolor.hr\/wp-content\/uploads\/2021\/06\/higijena-plus-featured-image-300x138.png 300w, https:\/\/www.swisscolor.hr\/wp-content\/uploads\/2021\/06\/higijena-plus-featured-image-768x353.png 768w\" sizes=\"(max-width: 800px) 100vw, 800px\" \/>\t\t\t\t\t\t\t\t\t\t\t\t\t\t\t<\/div>\n\t\t\t\t<\/div>\n\t\t\t\t<div class=\"elementor-element elementor-element-dc64271 elementor-widget elementor-widget-menu-anchor\" data-id=\"dc64271\" data-element_type=\"widget\" data-widget_type=\"menu-anchor.default\">\n\t\t\t\t<div class=\"elementor-widget-container\">\n\t\t\t\t\t\t\t<div class=\"elementor-menu-anchor\" id=\"certifikati\"><\/div>\n\t\t\t\t\t\t<\/div>\n\t\t\t\t<\/div>\n\t\t\t\t\t<\/div>\n\t\t<\/div>\n\t\t\t\t\t<\/div>\n\t\t<\/section>\n\t\t\t\t<section class=\"has_ae_slider elementor-section elementor-inner-section elementor-element elementor-element-aa89717 elementor-section-height-min-height elementor-section-boxed elementor-section-height-default ae-bg-gallery-type-default\" data-id=\"aa89717\" data-element_type=\"section\" data-settings=\"{&quot;background_background&quot;:&quot;classic&quot;}\">\n\t\t\t\t\t\t<div class=\"elementor-container elementor-column-gap-default\">\n\t\t\t\t\t<div class=\"has_ae_slider elementor-column elementor-col-50 elementor-inner-column elementor-element elementor-element-5817482 ae-bg-gallery-type-default\" data-id=\"5817482\" data-element_type=\"column\">\n\t\t\t<div class=\"elementor-widget-wrap elementor-element-populated\">\n\t\t\t\t\t\t<div class=\"elementor-element elementor-element-1feab2c elementor-widget elementor-widget-heading\" data-id=\"1feab2c\" data-element_type=\"widget\" data-widget_type=\"heading.default\">\n\t\t\t\t<div class=\"elementor-widget-container\">\n\t\t\t\t\t<h3 class=\"elementor-heading-title elementor-size-default translation-block\">Company operates in accordance with the implemented and <b>certified integrated quality<\/b> and environmental management system.<\/h3>\t\t\t\t<\/div>\n\t\t\t\t<\/div>\n\t\t\t\t\t<\/div>\n\t\t<\/div>\n\t\t\t\t<div class=\"has_ae_slider elementor-column elementor-col-50 elementor-inner-column elementor-element elementor-element-4be7c81 ae-bg-gallery-type-default\" data-id=\"4be7c81\" data-element_type=\"column\">\n\t\t\t<div class=\"elementor-widget-wrap elementor-element-populated\">\n\t\t\t\t\t\t<div class=\"elementor-element elementor-element-e430f56 elementor-widget__width-auto elementor-widget elementor-widget-image\" data-id=\"e430f56\" data-element_type=\"widget\" data-widget_type=\"image.default\">\n\t\t\t\t<div class=\"elementor-widget-container\">\n\t\t\t\t\t\t\t\t\t\t\t\t\t\t\t<img decoding=\"async\" width=\"116\" height=\"146\" src=\"https:\/\/www.swisscolor.hr\/wp-content\/uploads\/2022\/12\/ifs-logo-blue-final-1.png\" class=\"attachment-large size-large wp-image-1147\" alt=\"\" srcset=\"https:\/\/www.swisscolor.hr\/wp-content\/uploads\/2022\/12\/ifs-logo-blue-final-1.png 116w, https:\/\/www.swisscolor.hr\/wp-content\/uploads\/2022\/12\/ifs-logo-blue-final-1-10x12.png 10w\" sizes=\"(max-width: 116px) 100vw, 116px\" \/>\t\t\t\t\t\t\t\t\t\t\t\t\t\t\t<\/div>\n\t\t\t\t<\/div>\n\t\t\t\t<div class=\"elementor-element elementor-element-a3172a1 elementor-widget__width-auto elementor-widget elementor-widget-image\" data-id=\"a3172a1\" data-element_type=\"widget\" data-widget_type=\"image.default\">\n\t\t\t\t<div class=\"elementor-widget-container\">\n\t\t\t\t\t\t\t\t\t\t\t\t\t\t\t<img decoding=\"async\" width=\"112\" height=\"146\" src=\"https:\/\/www.swisscolor.hr\/wp-content\/uploads\/2025\/06\/iso-50001-blue.png\" class=\"attachment-large size-large wp-image-1333\" alt=\"\" srcset=\"https:\/\/www.swisscolor.hr\/wp-content\/uploads\/2025\/06\/iso-50001-blue.png 112w, https:\/\/www.swisscolor.hr\/wp-content\/uploads\/2025\/06\/iso-50001-blue-9x12.png 9w\" sizes=\"(max-width: 112px) 100vw, 112px\" \/>\t\t\t\t\t\t\t\t\t\t\t\t\t\t\t<\/div>\n\t\t\t\t<\/div>\n\t\t\t\t<div class=\"elementor-element elementor-element-56b38c2 elementor-widget__width-auto elementor-widget elementor-widget-image\" data-id=\"56b38c2\" data-element_type=\"widget\" data-widget_type=\"image.default\">\n\t\t\t\t<div class=\"elementor-widget-container\">\n\t\t\t\t\t\t\t\t\t\t\t\t\t\t\t<img loading=\"lazy\" decoding=\"async\" width=\"128\" height=\"146\" src=\"https:\/\/www.swisscolor.hr\/wp-content\/uploads\/2021\/05\/haccp-certificate-icon-blue.png\" class=\"attachment-large size-large wp-image-339\" alt=\"\" \/>\t\t\t\t\t\t\t\t\t\t\t\t\t\t\t<\/div>\n\t\t\t\t<\/div>\n\t\t\t\t<div class=\"elementor-element elementor-element-cd33a27 elementor-widget__width-auto elementor-widget elementor-widget-image\" data-id=\"cd33a27\" data-element_type=\"widget\" data-widget_type=\"image.default\">\n\t\t\t\t<div class=\"elementor-widget-container\">\n\t\t\t\t\t\t\t\t\t\t\t\t\t\t\t<img loading=\"lazy\" decoding=\"async\" width=\"128\" height=\"146\" src=\"https:\/\/www.swisscolor.hr\/wp-content\/uploads\/2021\/05\/ecolabel-certificate-icon-blue.png\" class=\"attachment-large size-large wp-image-338\" alt=\"\" \/>\t\t\t\t\t\t\t\t\t\t\t\t\t\t\t<\/div>\n\t\t\t\t<\/div>\n\t\t\t\t<div class=\"elementor-element elementor-element-759df1d elementor-widget__width-auto elementor-widget elementor-widget-image\" data-id=\"759df1d\" data-element_type=\"widget\" data-widget_type=\"image.default\">\n\t\t\t\t<div class=\"elementor-widget-container\">\n\t\t\t\t\t\t\t\t\t\t\t\t\t\t\t<img loading=\"lazy\" decoding=\"async\" width=\"182\" height=\"146\" src=\"https:\/\/www.swisscolor.hr\/wp-content\/uploads\/2021\/05\/urs-iso-certificate-icon.png\" class=\"attachment-large size-large wp-image-32\" alt=\"\" \/>\t\t\t\t\t\t\t\t\t\t\t\t\t\t\t<\/div>\n\t\t\t\t<\/div>\n\t\t\t\t<div class=\"elementor-element elementor-element-c0ffe4f elementor-widget__width-auto elementor-widget elementor-widget-image\" data-id=\"c0ffe4f\" data-element_type=\"widget\" data-widget_type=\"image.default\">\n\t\t\t\t<div class=\"elementor-widget-container\">\n\t\t\t\t\t\t\t\t\t\t\t\t\t\t\t<img loading=\"lazy\" decoding=\"async\" width=\"116\" height=\"146\" src=\"https:\/\/www.swisscolor.hr\/wp-content\/uploads\/2021\/05\/iso-certificate-icon-blue.png\" class=\"attachment-large size-large wp-image-341\" alt=\"\" \/>\t\t\t\t\t\t\t\t\t\t\t\t\t\t\t<\/div>\n\t\t\t\t<\/div>\n\t\t\t\t<div class=\"elementor-element elementor-element-29f8e13 elementor-widget__width-auto elementor-widget elementor-widget-image\" data-id=\"29f8e13\" data-element_type=\"widget\" data-widget_type=\"image.default\">\n\t\t\t\t<div class=\"elementor-widget-container\">\n\t\t\t\t\t\t\t\t\t\t\t\t\t\t\t<img loading=\"lazy\" decoding=\"async\" width=\"112\" height=\"146\" src=\"https:\/\/www.swisscolor.hr\/wp-content\/uploads\/2021\/05\/iso-14001-certificate-icon-blue.png\" class=\"attachment-large size-large wp-image-340\" alt=\"\" \/>\t\t\t\t\t\t\t\t\t\t\t\t\t\t\t<\/div>\n\t\t\t\t<\/div>\n\t\t\t\t\t<\/div>\n\t\t<\/div>\n\t\t\t\t\t<\/div>\n\t\t<\/section>\n\t\t\t\t\t<\/div>\n\t\t<\/div>\n\t\t\t\t\t<\/div>\n\t\t<\/section>\n\t\t\t\t<\/div>","protected":false},"excerpt":{"rendered":"<p>Odr\u017eivost je u sr\u017ei na\u0161eg poslovanja. Posve\u0107eni smo odr\u017eivosti Posve\u0107eni smo odgovornom upravljanju resursima i smanjenju utjecaja na okoli\u0161, uz osiguravanje visoke kvalitete na\u0161ih proizvoda. Svi na\u0161i proizvodi razvijeni su i proizvedeni u Hrvatskoj, u na\u0161im proizvodnim pogonima koji posluju u skladu s najvi\u0161im standardima kvalitete i za\u0161tite okoli\u0161a. Na\u0161a predanost odr\u017eivosti potvr\u0111ena je implementacijom [&hellip;]<\/p>","protected":false},"author":1,"featured_media":0,"parent":0,"menu_order":0,"comment_status":"closed","ping_status":"closed","template":"","meta":{"_acf_changed":false,"footnotes":"","_links_to":"","_links_to_target":""},"categories":[],"class_list":["post-1339","page","type-page","status-publish","hentry"],"acf":[],"yoast_head":"<!-- This site is optimized with the Yoast SEO plugin v24.4 - https:\/\/yoast.com\/wordpress\/plugins\/seo\/ -->\n<title>Odr\u017eivost - Swisscolor<\/title>\n<meta name=\"robots\" content=\"index, follow, max-snippet:-1, max-image-preview:large, max-video-preview:-1\" \/>\n<link rel=\"canonical\" href=\"https:\/\/www.swisscolor.hr\/en\/odrzivost\/\" \/>\n<meta property=\"og:locale\" content=\"en_GB\" \/>\n<meta property=\"og:type\" content=\"article\" \/>\n<meta property=\"og:title\" content=\"Odr\u017eivost - Swisscolor\" \/>\n<meta property=\"og:description\" content=\"Odr\u017eivost je u sr\u017ei na\u0161eg poslovanja. Posve\u0107eni smo odr\u017eivosti Posve\u0107eni smo odgovornom upravljanju resursima i smanjenju utjecaja na okoli\u0161, uz osiguravanje visoke kvalitete na\u0161ih proizvoda. Svi na\u0161i proizvodi razvijeni su i proizvedeni u Hrvatskoj, u na\u0161im proizvodnim pogonima koji posluju u skladu s najvi\u0161im standardima kvalitete i za\u0161tite okoli\u0161a. Na\u0161a predanost odr\u017eivosti potvr\u0111ena je implementacijom [&hellip;]\" \/>\n<meta property=\"og:url\" content=\"https:\/\/www.swisscolor.hr\/en\/odrzivost\/\" \/>\n<meta property=\"og:site_name\" content=\"Swisscolor\" \/>\n<meta property=\"article:modified_time\" content=\"2025-06-06T12:30:56+00:00\" \/>\n<meta property=\"og:image\" content=\"https:\/\/www.swisscolor.hr\/wp-content\/uploads\/2021\/06\/higijena-plus-featured-image.png\" \/>\n\t<meta property=\"og:image:width\" content=\"974\" \/>\n\t<meta property=\"og:image:height\" content=\"448\" \/>\n\t<meta property=\"og:image:type\" content=\"image\/png\" \/>\n<meta name=\"twitter:card\" content=\"summary_large_image\" \/>\n<meta name=\"twitter:label1\" content=\"Estimated reading time\" \/>\n\t<meta name=\"twitter:data1\" content=\"4 minutes\" \/>\n<script type=\"application\/ld+json\" class=\"yoast-schema-graph\">{\"@context\":\"https:\/\/schema.org\",\"@graph\":[{\"@type\":\"WebPage\",\"@id\":\"https:\/\/www.swisscolor.hr\/odrzivost\/\",\"url\":\"https:\/\/www.swisscolor.hr\/odrzivost\/\",\"name\":\"Odr\u017eivost - Swisscolor\",\"isPartOf\":{\"@id\":\"https:\/\/www.swisscolor.hr\/en\/#website\"},\"primaryImageOfPage\":{\"@id\":\"https:\/\/www.swisscolor.hr\/odrzivost\/#primaryimage\"},\"image\":{\"@id\":\"https:\/\/www.swisscolor.hr\/odrzivost\/#primaryimage\"},\"thumbnailUrl\":\"https:\/\/www.swisscolor.hr\/wp-content\/uploads\/2021\/06\/higijena-plus-featured-image.png\",\"datePublished\":\"2025-06-06T12:18:24+00:00\",\"dateModified\":\"2025-06-06T12:30:56+00:00\",\"breadcrumb\":{\"@id\":\"https:\/\/www.swisscolor.hr\/odrzivost\/#breadcrumb\"},\"inLanguage\":\"en-GB\",\"potentialAction\":[{\"@type\":\"ReadAction\",\"target\":[\"https:\/\/www.swisscolor.hr\/odrzivost\/\"]}]},{\"@type\":\"ImageObject\",\"inLanguage\":\"en-GB\",\"@id\":\"https:\/\/www.swisscolor.hr\/odrzivost\/#primaryimage\",\"url\":\"https:\/\/www.swisscolor.hr\/wp-content\/uploads\/2021\/06\/higijena-plus-featured-image.png\",\"contentUrl\":\"https:\/\/www.swisscolor.hr\/wp-content\/uploads\/2021\/06\/higijena-plus-featured-image.png\"},{\"@type\":\"BreadcrumbList\",\"@id\":\"https:\/\/www.swisscolor.hr\/odrzivost\/#breadcrumb\",\"itemListElement\":[{\"@type\":\"ListItem\",\"position\":1,\"name\":\"Po\u010detna stranica\",\"item\":\"https:\/\/www.swisscolor.hr\/\"},{\"@type\":\"ListItem\",\"position\":2,\"name\":\"Odr\u017eivost\"}]},{\"@type\":\"WebSite\",\"@id\":\"https:\/\/www.swisscolor.hr\/en\/#website\",\"url\":\"https:\/\/www.swisscolor.hr\/en\/\",\"name\":\"Swisscolor\",\"description\":\"Sredstva za dezinfekciju, odr\u017eavanje osobne higijene i \u010di&scaron;\u0107enje doma\",\"publisher\":{\"@id\":\"https:\/\/www.swisscolor.hr\/en\/#organization\"},\"potentialAction\":[{\"@type\":\"SearchAction\",\"target\":{\"@type\":\"EntryPoint\",\"urlTemplate\":\"https:\/\/www.swisscolor.hr\/en\/?s={search_term_string}\"},\"query-input\":{\"@type\":\"PropertyValueSpecification\",\"valueRequired\":true,\"valueName\":\"search_term_string\"}}],\"inLanguage\":\"en-GB\"},{\"@type\":\"Organization\",\"@id\":\"https:\/\/www.swisscolor.hr\/en\/#organization\",\"name\":\"Swisscolor\",\"url\":\"https:\/\/www.swisscolor.hr\/en\/\",\"logo\":{\"@type\":\"ImageObject\",\"inLanguage\":\"en-GB\",\"@id\":\"https:\/\/www.swisscolor.hr\/en\/#\/schema\/logo\/image\/\",\"url\":\"https:\/\/www.swisscolor.hr\/wp-content\/uploads\/2021\/06\/cropped-swisscolor-logo-icon.png\",\"contentUrl\":\"https:\/\/www.swisscolor.hr\/wp-content\/uploads\/2021\/06\/cropped-swisscolor-logo-icon.png\",\"width\":700,\"height\":200,\"caption\":\"Swisscolor\"},\"image\":{\"@id\":\"https:\/\/www.swisscolor.hr\/en\/#\/schema\/logo\/image\/\"}}]}<\/script>\n<!-- \/ Yoast SEO plugin. -->","yoast_head_json":{"title":"Odr\u017eivost - Swisscolor","robots":{"index":"index","follow":"follow","max-snippet":"max-snippet:-1","max-image-preview":"max-image-preview:large","max-video-preview":"max-video-preview:-1"},"canonical":"https:\/\/www.swisscolor.hr\/en\/odrzivost\/","og_locale":"en_GB","og_type":"article","og_title":"Odr\u017eivost - Swisscolor","og_description":"Odr\u017eivost je u sr\u017ei na\u0161eg poslovanja. Posve\u0107eni smo odr\u017eivosti Posve\u0107eni smo odgovornom upravljanju resursima i smanjenju utjecaja na okoli\u0161, uz osiguravanje visoke kvalitete na\u0161ih proizvoda. Svi na\u0161i proizvodi razvijeni su i proizvedeni u Hrvatskoj, u na\u0161im proizvodnim pogonima koji posluju u skladu s najvi\u0161im standardima kvalitete i za\u0161tite okoli\u0161a. Na\u0161a predanost odr\u017eivosti potvr\u0111ena je implementacijom [&hellip;]","og_url":"https:\/\/www.swisscolor.hr\/en\/odrzivost\/","og_site_name":"Swisscolor","article_modified_time":"2025-06-06T12:30:56+00:00","og_image":[{"width":974,"height":448,"url":"https:\/\/www.swisscolor.hr\/wp-content\/uploads\/2021\/06\/higijena-plus-featured-image.png","type":"image\/png"}],"twitter_card":"summary_large_image","twitter_misc":{"Estimated reading time":"4 minutes"},"schema":{"@context":"https:\/\/schema.org","@graph":[{"@type":"WebPage","@id":"https:\/\/www.swisscolor.hr\/odrzivost\/","url":"https:\/\/www.swisscolor.hr\/odrzivost\/","name":"Odr\u017eivost - Swisscolor","isPartOf":{"@id":"https:\/\/www.swisscolor.hr\/en\/#website"},"primaryImageOfPage":{"@id":"https:\/\/www.swisscolor.hr\/odrzivost\/#primaryimage"},"image":{"@id":"https:\/\/www.swisscolor.hr\/odrzivost\/#primaryimage"},"thumbnailUrl":"https:\/\/www.swisscolor.hr\/wp-content\/uploads\/2021\/06\/higijena-plus-featured-image.png","datePublished":"2025-06-06T12:18:24+00:00","dateModified":"2025-06-06T12:30:56+00:00","breadcrumb":{"@id":"https:\/\/www.swisscolor.hr\/odrzivost\/#breadcrumb"},"inLanguage":"en-GB","potentialAction":[{"@type":"ReadAction","target":["https:\/\/www.swisscolor.hr\/odrzivost\/"]}]},{"@type":"ImageObject","inLanguage":"en-GB","@id":"https:\/\/www.swisscolor.hr\/odrzivost\/#primaryimage","url":"https:\/\/www.swisscolor.hr\/wp-content\/uploads\/2021\/06\/higijena-plus-featured-image.png","contentUrl":"https:\/\/www.swisscolor.hr\/wp-content\/uploads\/2021\/06\/higijena-plus-featured-image.png"},{"@type":"BreadcrumbList","@id":"https:\/\/www.swisscolor.hr\/odrzivost\/#breadcrumb","itemListElement":[{"@type":"ListItem","position":1,"name":"Po\u010detna stranica","item":"https:\/\/www.swisscolor.hr\/"},{"@type":"ListItem","position":2,"name":"Odr\u017eivost"}]},{"@type":"WebSite","@id":"https:\/\/www.swisscolor.hr\/en\/#website","url":"https:\/\/www.swisscolor.hr\/en\/","name":"Swisscolor","description":"Sredstva za dezinfekciju, odr\u017eavanje osobne higijene i \u010di&scaron;\u0107enje doma","publisher":{"@id":"https:\/\/www.swisscolor.hr\/en\/#organization"},"potentialAction":[{"@type":"SearchAction","target":{"@type":"EntryPoint","urlTemplate":"https:\/\/www.swisscolor.hr\/en\/?s={search_term_string}"},"query-input":{"@type":"PropertyValueSpecification","valueRequired":true,"valueName":"search_term_string"}}],"inLanguage":"en-GB"},{"@type":"Organization","@id":"https:\/\/www.swisscolor.hr\/en\/#organization","name":"Swisscolor","url":"https:\/\/www.swisscolor.hr\/en\/","logo":{"@type":"ImageObject","inLanguage":"en-GB","@id":"https:\/\/www.swisscolor.hr\/en\/#\/schema\/logo\/image\/","url":"https:\/\/www.swisscolor.hr\/wp-content\/uploads\/2021\/06\/cropped-swisscolor-logo-icon.png","contentUrl":"https:\/\/www.swisscolor.hr\/wp-content\/uploads\/2021\/06\/cropped-swisscolor-logo-icon.png","width":700,"height":200,"caption":"Swisscolor"},"image":{"@id":"https:\/\/www.swisscolor.hr\/en\/#\/schema\/logo\/image\/"}}]}},"_links":{"self":[{"href":"https:\/\/www.swisscolor.hr\/en\/wp-json\/wp\/v2\/pages\/1339","targetHints":{"allow":["GET"]}}],"collection":[{"href":"https:\/\/www.swisscolor.hr\/en\/wp-json\/wp\/v2\/pages"}],"about":[{"href":"https:\/\/www.swisscolor.hr\/en\/wp-json\/wp\/v2\/types\/page"}],"author":[{"embeddable":true,"href":"https:\/\/www.swisscolor.hr\/en\/wp-json\/wp\/v2\/users\/1"}],"replies":[{"embeddable":true,"href":"https:\/\/www.swisscolor.hr\/en\/wp-json\/wp\/v2\/comments?post=1339"}],"version-history":[{"count":10,"href":"https:\/\/www.swisscolor.hr\/en\/wp-json\/wp\/v2\/pages\/1339\/revisions"}],"predecessor-version":[{"id":1356,"href":"https:\/\/www.swisscolor.hr\/en\/wp-json\/wp\/v2\/pages\/1339\/revisions\/1356"}],"wp:attachment":[{"href":"https:\/\/www.swisscolor.hr\/en\/wp-json\/wp\/v2\/media?parent=1339"}],"wp:term":[{"taxonomy":"category","embeddable":true,"href":"https:\/\/www.swisscolor.hr\/en\/wp-json\/wp\/v2\/categories?post=1339"}],"curies":[{"name":"wp","href":"https:\/\/api.w.org\/{rel}","templated":true}]}}