{"id":555,"date":"2021-06-17T14:03:31","date_gmt":"2021-06-17T14:03:31","guid":{"rendered":"http:\/\/www.swisscolor.hr\/?page_id=555"},"modified":"2021-07-01T14:50:50","modified_gmt":"2021-07-01T14:50:50","slug":"pravila-privatnosti","status":"publish","type":"page","link":"https:\/\/www.swisscolor.hr\/en\/privacy-policy-2\/","title":{"rendered":"Privacy Policy"},"content":{"rendered":"<p class=\"translation-block\">Access to this page and the data contained in it are subject to this terms and conditions. If you do not agree to these conditions (<a href=\"\/en\/uvjeti-koristenja\/\" target=\"_self\">Terms of Use<\/a>) and the rules (Privacy Policiy), do not use this website. Continue to use them further, it will be considered that you agreed to the legal requirements.<\/p>\n<p>Swisscolor d.o.o. (hereinafter referred to as Swisscolor) takes care of your data privacy. With our policy, we want to balance the benefit of modern technology in business with the right of an individual to prevent abuse of their personal data. Swisscolor as a service provider of the web site complies with the legal regulations with the aim of protecting the privacy of the user (legal entities) or natural persons with the user. Swisscolor operates exclusively with legal entities (the user) and the content of the page has not been made to attract natural persons under the age of 18. Swisscolor does not want to receive, keep or process any information connected with people younger than 18 years of age.<\/p>\n<p class=\"translation-block\"><strong>1. Collecting personal data<\/strong><br>To use the www site, Swisscolor will not ask you for personal information. If you want to contact us, you can send contact form: Your name, e-mail address, phone number (personal information). Swisscolor uses this information solely for the purpose of helping you and within its activities described on these web pages. By using pages and \/ or entering personal data, you will agree to privacy policy. We also won't use these personal information for business purposes or share this information with third parties. Swisscolor will only keep this information only as much as necessary or by the time you respond to your Email inquiry. After that, the email obtained together with the submitted data is to be deleted.<\/p>\n<p><strong>2. Prikupljanje informacija o domeni<\/strong><br \/>\nSwisscolor prikuplja osnovne informacije o domeni, kao dio analize kori\u0161tenja na\u0161ih stranica. Ove informacije se isklju\u010divo koriste za svrhu pra\u0107enja posje\u0107enosti stranica putem sustava Google Analytics (u daljnjem tekstu: pra\u0107enje posje\u0107enosti stranica) te ne zahtjevaju bilo kakvu interakciju sa Va\u0161e strane.<\/p>\n<p class=\"translation-block\"><strong>3. Providing information to third parties<\/strong><br>We will not share your personal information with third parties. In cases envisaged by law, we may have to provide your personal information to the competent institution under the law or if it is in the interest of the protection of rights, assets or safety of Swisscolor, www site or its visitors.<\/p>\n<p class=\"translation-block\"><strong>4. Using cookies (cookie-s)<\/strong><br>Web pages can use \"\"cookies\"\" used to identify visitors and accommodate your hard drive. Cookie-s can not read data from your hard disk and you are able to or accept or approve the use of cookies. By disapproving cookies in a given case, it may result in a reduced information display or page may not be able to have the functionality that is foreseen. By approving the cookies, the information that is collected on visitors through cookies will be anonymized within the site to track the site's visibility.<\/p>\n<p class=\"translation-block\"><strong>5. Rights<\/strong><br>The user has the ability to access and change \/ delete personal data that Swisscolor is holding. The user who has any questions regarding the confidentiality of the data can send an email to the address of voditelj@swisscolor.hr<\/p>\n<p>Swisscolor reserves the right to change the content of these rules at any time without special notice and you should consult these rules every time you visit the site.<\/p>","protected":false},"excerpt":{"rendered":"<p>Pristup ovoj stranici i podacima sadr\u017eanim na njoj podlo\u017eni su navedenim uvjetima i odredbama. Ukoliko se trenutno ne sla\u017eete s ovim uvjetima (Uvjeti kori\u0161tenja) i pravilima (Pravila privatnosti), nemojte koristiti na\u0161e web stranice. Nastavite li ih dalje koristiti, smatrat \u0107e se da ste pristali na navedene predmetne pravne uvjete. Swisscolor brine o privatnosti Va\u0161ih podataka. [&hellip;]<\/p>","protected":false},"author":1,"featured_media":0,"parent":0,"menu_order":0,"comment_status":"closed","ping_status":"closed","template":"","meta":{"_acf_changed":false,"footnotes":"","_links_to":"","_links_to_target":""},"categories":[],"class_list":["post-555","page","type-page","status-publish","hentry"],"acf":[],"yoast_head":"<!-- This site is optimized with the Yoast SEO plugin v24.4 - https:\/\/yoast.com\/wordpress\/plugins\/seo\/ -->\n<title>Pravila privatnosti - Swisscolor<\/title>\n<meta name=\"robots\" content=\"index, follow, max-snippet:-1, max-image-preview:large, max-video-preview:-1\" \/>\n<link rel=\"canonical\" href=\"https:\/\/www.swisscolor.hr\/en\/privacy-policy-2\/\" \/>\n<meta property=\"og:locale\" content=\"en_GB\" \/>\n<meta property=\"og:type\" content=\"article\" \/>\n<meta property=\"og:title\" content=\"Pravila privatnosti - Swisscolor\" \/>\n<meta property=\"og:description\" content=\"Pristup ovoj stranici i podacima sadr\u017eanim na njoj podlo\u017eni su navedenim uvjetima i odredbama. Ukoliko se trenutno ne sla\u017eete s ovim uvjetima (Uvjeti kori\u0161tenja) i pravilima (Pravila privatnosti), nemojte koristiti na\u0161e web stranice. Nastavite li ih dalje koristiti, smatrat \u0107e se da ste pristali na navedene predmetne pravne uvjete. Swisscolor brine o privatnosti Va\u0161ih podataka. [&hellip;]\" \/>\n<meta property=\"og:url\" content=\"https:\/\/www.swisscolor.hr\/en\/privacy-policy-2\/\" \/>\n<meta property=\"og:site_name\" content=\"Swisscolor\" \/>\n<meta property=\"article:modified_time\" content=\"2021-07-01T14:50:50+00:00\" \/>\n<meta property=\"og:image\" content=\"https:\/\/www.swisscolor.hr\/wp-content\/uploads\/2021\/06\/swisscolor-facebook-image-share-1.jpg\" \/>\n\t<meta property=\"og:image:width\" content=\"1200\" \/>\n\t<meta property=\"og:image:height\" content=\"630\" \/>\n\t<meta property=\"og:image:type\" content=\"image\/jpeg\" \/>\n<meta name=\"twitter:card\" content=\"summary_large_image\" \/>\n<meta name=\"twitter:label1\" content=\"Estimated reading time\" \/>\n\t<meta name=\"twitter:data1\" content=\"3 minutes\" \/>\n<script type=\"application\/ld+json\" class=\"yoast-schema-graph\">{\"@context\":\"https:\/\/schema.org\",\"@graph\":[{\"@type\":\"WebPage\",\"@id\":\"https:\/\/www.swisscolor.hr\/en\/privacy-policy-2\/\",\"url\":\"https:\/\/www.swisscolor.hr\/en\/privacy-policy-2\/\",\"name\":\"Pravila privatnosti - Swisscolor\",\"isPartOf\":{\"@id\":\"https:\/\/www.swisscolor.hr\/en\/#website\"},\"datePublished\":\"2021-06-17T14:03:31+00:00\",\"dateModified\":\"2021-07-01T14:50:50+00:00\",\"breadcrumb\":{\"@id\":\"https:\/\/www.swisscolor.hr\/en\/privacy-policy-2\/#breadcrumb\"},\"inLanguage\":\"en-GB\",\"potentialAction\":[{\"@type\":\"ReadAction\",\"target\":[\"https:\/\/www.swisscolor.hr\/en\/privacy-policy-2\/\"]}]},{\"@type\":\"BreadcrumbList\",\"@id\":\"https:\/\/www.swisscolor.hr\/en\/privacy-policy-2\/#breadcrumb\",\"itemListElement\":[{\"@type\":\"ListItem\",\"position\":1,\"name\":\"Po\u010detna stranica\",\"item\":\"https:\/\/www.swisscolor.hr\/\"},{\"@type\":\"ListItem\",\"position\":2,\"name\":\"Pravila privatnosti\"}]},{\"@type\":\"WebSite\",\"@id\":\"https:\/\/www.swisscolor.hr\/en\/#website\",\"url\":\"https:\/\/www.swisscolor.hr\/en\/\",\"name\":\"Swisscolor\",\"description\":\"Sredstva za dezinfekciju, odr\u017eavanje osobne higijene i \u010di&scaron;\u0107enje doma\",\"publisher\":{\"@id\":\"https:\/\/www.swisscolor.hr\/en\/#organization\"},\"potentialAction\":[{\"@type\":\"SearchAction\",\"target\":{\"@type\":\"EntryPoint\",\"urlTemplate\":\"https:\/\/www.swisscolor.hr\/en\/?s={search_term_string}\"},\"query-input\":{\"@type\":\"PropertyValueSpecification\",\"valueRequired\":true,\"valueName\":\"search_term_string\"}}],\"inLanguage\":\"en-GB\"},{\"@type\":\"Organization\",\"@id\":\"https:\/\/www.swisscolor.hr\/en\/#organization\",\"name\":\"Swisscolor\",\"url\":\"https:\/\/www.swisscolor.hr\/en\/\",\"logo\":{\"@type\":\"ImageObject\",\"inLanguage\":\"en-GB\",\"@id\":\"https:\/\/www.swisscolor.hr\/en\/#\/schema\/logo\/image\/\",\"url\":\"https:\/\/www.swisscolor.hr\/wp-content\/uploads\/2021\/06\/cropped-swisscolor-logo-icon.png\",\"contentUrl\":\"https:\/\/www.swisscolor.hr\/wp-content\/uploads\/2021\/06\/cropped-swisscolor-logo-icon.png\",\"width\":700,\"height\":200,\"caption\":\"Swisscolor\"},\"image\":{\"@id\":\"https:\/\/www.swisscolor.hr\/en\/#\/schema\/logo\/image\/\"}}]}<\/script>\n<!-- \/ Yoast SEO plugin. -->","yoast_head_json":{"title":"Pravila privatnosti - Swisscolor","robots":{"index":"index","follow":"follow","max-snippet":"max-snippet:-1","max-image-preview":"max-image-preview:large","max-video-preview":"max-video-preview:-1"},"canonical":"https:\/\/www.swisscolor.hr\/en\/privacy-policy-2\/","og_locale":"en_GB","og_type":"article","og_title":"Pravila privatnosti - Swisscolor","og_description":"Pristup ovoj stranici i podacima sadr\u017eanim na njoj podlo\u017eni su navedenim uvjetima i odredbama. Ukoliko se trenutno ne sla\u017eete s ovim uvjetima (Uvjeti kori\u0161tenja) i pravilima (Pravila privatnosti), nemojte koristiti na\u0161e web stranice. Nastavite li ih dalje koristiti, smatrat \u0107e se da ste pristali na navedene predmetne pravne uvjete. Swisscolor brine o privatnosti Va\u0161ih podataka. [&hellip;]","og_url":"https:\/\/www.swisscolor.hr\/en\/privacy-policy-2\/","og_site_name":"Swisscolor","article_modified_time":"2021-07-01T14:50:50+00:00","og_image":[{"width":1200,"height":630,"url":"https:\/\/www.swisscolor.hr\/wp-content\/uploads\/2021\/06\/swisscolor-facebook-image-share-1.jpg","type":"image\/jpeg"}],"twitter_card":"summary_large_image","twitter_misc":{"Estimated reading time":"3 minutes"},"schema":{"@context":"https:\/\/schema.org","@graph":[{"@type":"WebPage","@id":"https:\/\/www.swisscolor.hr\/en\/privacy-policy-2\/","url":"https:\/\/www.swisscolor.hr\/en\/privacy-policy-2\/","name":"Pravila privatnosti - Swisscolor","isPartOf":{"@id":"https:\/\/www.swisscolor.hr\/en\/#website"},"datePublished":"2021-06-17T14:03:31+00:00","dateModified":"2021-07-01T14:50:50+00:00","breadcrumb":{"@id":"https:\/\/www.swisscolor.hr\/en\/privacy-policy-2\/#breadcrumb"},"inLanguage":"en-GB","potentialAction":[{"@type":"ReadAction","target":["https:\/\/www.swisscolor.hr\/en\/privacy-policy-2\/"]}]},{"@type":"BreadcrumbList","@id":"https:\/\/www.swisscolor.hr\/en\/privacy-policy-2\/#breadcrumb","itemListElement":[{"@type":"ListItem","position":1,"name":"Po\u010detna stranica","item":"https:\/\/www.swisscolor.hr\/"},{"@type":"ListItem","position":2,"name":"Pravila privatnosti"}]},{"@type":"WebSite","@id":"https:\/\/www.swisscolor.hr\/en\/#website","url":"https:\/\/www.swisscolor.hr\/en\/","name":"Swisscolor","description":"Sredstva za dezinfekciju, odr\u017eavanje osobne higijene i \u010di&scaron;\u0107enje doma","publisher":{"@id":"https:\/\/www.swisscolor.hr\/en\/#organization"},"potentialAction":[{"@type":"SearchAction","target":{"@type":"EntryPoint","urlTemplate":"https:\/\/www.swisscolor.hr\/en\/?s={search_term_string}"},"query-input":{"@type":"PropertyValueSpecification","valueRequired":true,"valueName":"search_term_string"}}],"inLanguage":"en-GB"},{"@type":"Organization","@id":"https:\/\/www.swisscolor.hr\/en\/#organization","name":"Swisscolor","url":"https:\/\/www.swisscolor.hr\/en\/","logo":{"@type":"ImageObject","inLanguage":"en-GB","@id":"https:\/\/www.swisscolor.hr\/en\/#\/schema\/logo\/image\/","url":"https:\/\/www.swisscolor.hr\/wp-content\/uploads\/2021\/06\/cropped-swisscolor-logo-icon.png","contentUrl":"https:\/\/www.swisscolor.hr\/wp-content\/uploads\/2021\/06\/cropped-swisscolor-logo-icon.png","width":700,"height":200,"caption":"Swisscolor"},"image":{"@id":"https:\/\/www.swisscolor.hr\/en\/#\/schema\/logo\/image\/"}}]}},"_links":{"self":[{"href":"https:\/\/www.swisscolor.hr\/en\/wp-json\/wp\/v2\/pages\/555","targetHints":{"allow":["GET"]}}],"collection":[{"href":"https:\/\/www.swisscolor.hr\/en\/wp-json\/wp\/v2\/pages"}],"about":[{"href":"https:\/\/www.swisscolor.hr\/en\/wp-json\/wp\/v2\/types\/page"}],"author":[{"embeddable":true,"href":"https:\/\/www.swisscolor.hr\/en\/wp-json\/wp\/v2\/users\/1"}],"replies":[{"embeddable":true,"href":"https:\/\/www.swisscolor.hr\/en\/wp-json\/wp\/v2\/comments?post=555"}],"version-history":[{"count":0,"href":"https:\/\/www.swisscolor.hr\/en\/wp-json\/wp\/v2\/pages\/555\/revisions"}],"wp:attachment":[{"href":"https:\/\/www.swisscolor.hr\/en\/wp-json\/wp\/v2\/media?parent=555"}],"wp:term":[{"taxonomy":"category","embeddable":true,"href":"https:\/\/www.swisscolor.hr\/en\/wp-json\/wp\/v2\/categories?post=555"}],"curies":[{"name":"wp","href":"https:\/\/api.w.org\/{rel}","templated":true}]}}